{"id":14024,"date":"2020-10-13T14:12:30","date_gmt":"2020-10-13T12:12:30","guid":{"rendered":"https:\/\/new.asialinkstore.com\/?page_id=14024"},"modified":"2022-11-04T09:54:34","modified_gmt":"2022-11-04T08:54:34","slug":"politica-de-cookies","status":"publish","type":"page","link":"https:\/\/asialink.es\/?page_id=14024","title":{"rendered":"Pol\u00edtica de cookies"},"content":{"rendered":"\t\t<div data-elementor-type=\"wp-page\" data-elementor-id=\"14024\" class=\"elementor elementor-14024\">\n\t\t\t\t\t\t<div class=\"elementor-inner\">\n\t\t\t\t<div class=\"elementor-section-wrap\">\n\t\t\t\t\t\t\t\t\t<section class=\"elementor-section elementor-top-section elementor-element elementor-element-dcb454e elementor-section-boxed elementor-section-height-default elementor-section-height-default\" data-id=\"dcb454e\" data-element_type=\"section\">\n\t\t\t\t\t\t<div class=\"elementor-container elementor-column-gap-default\">\n\t\t\t\t\t\t\t<div class=\"elementor-row\">\n\t\t\t\t\t<div class=\"elementor-column elementor-col-100 elementor-top-column elementor-element elementor-element-18408d0\" data-id=\"18408d0\" data-element_type=\"column\">\n\t\t\t<div class=\"elementor-column-wrap elementor-element-populated\">\n\t\t\t\t\t\t\t<div class=\"elementor-widget-wrap\">\n\t\t\t\t\t\t<div class=\"elementor-element elementor-element-2da8a9d elementor-widget elementor-widget-heading\" data-id=\"2da8a9d\" data-element_type=\"widget\" data-widget_type=\"heading.default\">\n\t\t\t\t<div class=\"elementor-widget-container\">\n\t\t\t<h1 class=\"elementor-heading-title elementor-size-default\">Pol\u00edtica de cookies<\/h1>\t\t<\/div>\n\t\t\t\t<\/div>\n\t\t\t\t\t\t<\/div>\n\t\t\t\t\t<\/div>\n\t\t<\/div>\n\t\t\t\t\t\t\t\t<\/div>\n\t\t\t\t\t<\/div>\n\t\t<\/section>\n\t\t\t\t<section class=\"elementor-section elementor-top-section elementor-element elementor-element-7f4c9f0 elementor-section-boxed elementor-section-height-default elementor-section-height-default\" data-id=\"7f4c9f0\" data-element_type=\"section\">\n\t\t\t\t\t\t<div class=\"elementor-container elementor-column-gap-default\">\n\t\t\t\t\t\t\t<div class=\"elementor-row\">\n\t\t\t\t\t<div class=\"elementor-column elementor-col-100 elementor-top-column elementor-element elementor-element-0a7d141\" data-id=\"0a7d141\" data-element_type=\"column\">\n\t\t\t<div class=\"elementor-column-wrap elementor-element-populated\">\n\t\t\t\t\t\t\t<div class=\"elementor-widget-wrap\">\n\t\t\t\t\t\t<div class=\"elementor-element elementor-element-9b8a9ef elementor-widget elementor-widget-text-editor\" data-id=\"9b8a9ef\" data-element_type=\"widget\" data-widget_type=\"text-editor.default\">\n\t\t\t\t<div class=\"elementor-widget-container\">\n\t\t\t\t\t\t\t\t<div class=\"elementor-text-editor elementor-clearfix\">\n\t\t\t\t<header class=\"page-header\"><h1><span style=\"font-size: 16px;\">El presente Sitio Web (en adelante, el \u201cAsialink Store\u201d) propiedad de BITPROM INVESTMENTS, S.L., (en adelante, \u201cAsialink Store\u201d) utiliza cookies, p\u00edxeles u otros dispositivos de almacenamiento y recuperaci\u00f3n de informaci\u00f3n para realizar un seguimiento de las interacciones de los usuarios con los servicios ofrecidos en el Sitio Web. Los tipos de cookies que utiliza el Sitio Web son los siguientes:<\/span><\/h1><\/header><section id=\"content\" class=\"page-content page-cms page-cms-10\"><p>Cookies Propias:\u00a0<i>Estas cookies permiten que el Sitio Web funcione correctamente por lo que son esenciales para que el usuario pueda usar todas las opciones del Sitio Web y pueda moverse por el mismo con normalidad<\/i>.<\/p><p>Cookies de Terceros:\u00a0<i>Son aqu\u00e9llas que se env\u00edan al equipo terminal del usuario desde un equipo o dominio que no es gestionado por Asialink Store sino por otra entidad que trata los datos obtenidos trav\u00e9s de las cookies.<\/i><\/p><p>Estas Cookies en concreto permiten realizar el seguimiento y an\u00e1lisis del comportamiento de los Usuarios en el Sitio Web. La informaci\u00f3n recogida mediante las\u00a0<i>cookies anal\u00edticas<\/i>\u00a0es utilizada para la elaboraci\u00f3n de perfiles de navegaci\u00f3n de los Usuarios de dicho Sitio Web, con el fin de introducir mejoras en nuestro servicio.<\/p><p>Los objetivos principales que se persiguen con este tipo de cookies son:<\/p><p>&#8211; Permitir la identificaci\u00f3n an\u00f3nima de los Usuarios navegantes y por lo tanto la contabilizaci\u00f3n aproximada del n\u00famero de visitantes.<\/p><p>&#8211; Identificar de forma an\u00f3nima los contenidos m\u00e1s visitados y por lo tanto m\u00e1s atractivos para los Usuarios.<\/p><p>&#8211; Saber si el Usuario que est\u00e1 accediendo es nuevo o repite visita.<\/p><p>Aceptaci\u00f3n de cookies<\/p><p>Si usted contin\u00faa su navegaci\u00f3n, entenderemos que acepta la utilizaci\u00f3n de las cookies por parte del Sitio Web.<\/p><p>Le informamos que en el caso de bloquear o no aceptar la instalaci\u00f3n de cookies, es posible que ciertos servicios no est\u00e9n disponibles sin la utilizaci\u00f3n de \u00e9stas o que no pueda acceder a determinados servicios ni tampoco aprovechar por completo todo lo que este Sitio Web le ofrece.<\/p><\/section>\t\t\t\t\t<\/div>\n\t\t\t\t\t\t<\/div>\n\t\t\t\t<\/div>\n\t\t\t\t\t\t<\/div>\n\t\t\t\t\t<\/div>\n\t\t<\/div>\n\t\t\t\t\t\t\t\t<\/div>\n\t\t\t\t\t<\/div>\n\t\t<\/section>\n\t\t\t\t\t\t\t\t\t<\/div>\n\t\t\t<\/div>\n\t\t\t\t\t<\/div>\n\t\t","protected":false},"excerpt":{"rendered":"<p>Pol\u00edtica de cookies El presente Sitio Web (en adelante, el \u201cAsialink Store\u201d) propiedad de BITPROM INVESTMENTS, S.L., (en adelante, \u201cAsialink Store\u201d) utiliza cookies, p\u00edxeles u otros dispositivos de almacenamiento y recuperaci\u00f3n de informaci\u00f3n para realizar un seguimiento de las interacciones de los usuarios con los servicios ofrecidos en el Sitio Web. Los tipos de cookies &hellip;<\/p>\n<p class=\"read-more\"> <a class=\"\" href=\"https:\/\/asialink.es\/?page_id=14024\"> <span class=\"screen-reader-text\">Pol\u00edtica de cookies<\/span> Leer m\u00e1s &raquo;<\/a><\/p>\n","protected":false},"author":1,"featured_media":0,"parent":0,"menu_order":0,"comment_status":"closed","ping_status":"closed","template":"","meta":{"loftloader_page_shortcode":"","site-sidebar-layout":"no-sidebar","site-content-layout":"page-builder","ast-global-header-display":"","ast-main-header-display":"","ast-hfb-above-header-display":"","ast-hfb-below-header-display":"","ast-hfb-mobile-header-display":"","site-post-title":"disabled","ast-breadcrumbs-content":"","ast-featured-img":"disabled","footer-sml-layout":"","theme-transparent-header-meta":"default","adv-header-id-meta":"","stick-header-meta":"","header-above-stick-meta":"","header-main-stick-meta":"","header-below-stick-meta":"","_joinchat":[],"footnotes":""},"yoast_head":"<!-- This site is optimized with the Yoast SEO Premium plugin v15.3 - https:\/\/yoast.com\/wordpress\/plugins\/seo\/ -->\n<title>Asialink - Pol\u00edtica de cookies<\/title>\n<meta name=\"description\" content=\"\u3010Asialink\u3011\ud83e\udd47 referentes en regalo publicitario, art\u00edculos promocionales, regalo de empresa, con mas de 5 mil productos variados en tienda.\" \/>\n<meta name=\"robots\" content=\"noindex, nofollow\" \/>\n<meta property=\"og:locale\" content=\"es_ES\" \/>\n<meta property=\"og:type\" content=\"article\" \/>\n<meta property=\"og:title\" content=\"Asialink - Pol\u00edtica de cookies\" \/>\n<meta property=\"og:description\" content=\"\u3010Asialink\u3011\ud83e\udd47 referentes en regalo publicitario, art\u00edculos promocionales, regalo de empresa, con mas de 5 mil productos variados en tienda.\" \/>\n<meta property=\"og:url\" content=\"https:\/\/asialink.es\/?page_id=14024\" \/>\n<meta property=\"og:site_name\" content=\"Asialink\" \/>\n<meta property=\"article:modified_time\" content=\"2022-11-04T08:54:34+00:00\" \/>\n<meta name=\"twitter:card\" content=\"summary_large_image\" \/>\n<meta name=\"twitter:label1\" content=\"Escrito por\">\n\t<meta name=\"twitter:data1\" content=\"raul cebrian moreno\">\n\t<meta name=\"twitter:label2\" content=\"Tiempo de lectura\">\n\t<meta name=\"twitter:data2\" content=\"1 minuto\">\n<script type=\"application\/ld+json\" class=\"yoast-schema-graph\">{\"@context\":\"https:\/\/schema.org\",\"@graph\":[{\"@type\":\"WebSite\",\"@id\":\"https:\/\/asialink.es\/#website\",\"url\":\"https:\/\/asialink.es\/\",\"name\":\"Asialink\",\"description\":\"Regalos de empresa y art\\u00edculos publicitarios\",\"potentialAction\":[{\"@type\":\"SearchAction\",\"target\":\"https:\/\/asialink.es\/?s={search_term_string}\",\"query-input\":\"required name=search_term_string\"}],\"inLanguage\":\"es\"},{\"@type\":\"WebPage\",\"@id\":\"https:\/\/asialink.es\/?page_id=14024#webpage\",\"url\":\"https:\/\/asialink.es\/?page_id=14024\",\"name\":\"Asialink - Pol\\u00edtica de cookies\",\"isPartOf\":{\"@id\":\"https:\/\/asialink.es\/#website\"},\"datePublished\":\"2020-10-13T12:12:30+00:00\",\"dateModified\":\"2022-11-04T08:54:34+00:00\",\"description\":\"\\u3010Asialink\\u3011\\ud83e\\udd47 referentes en regalo publicitario, art\\u00edculos promocionales, regalo de empresa, con mas de 5 mil productos variados en tienda.\",\"inLanguage\":\"es\",\"potentialAction\":[{\"@type\":\"ReadAction\",\"target\":[\"https:\/\/asialink.es\/?page_id=14024\"]}]}]}<\/script>\n<!-- \/ Yoast SEO Premium plugin. -->","_links":{"self":[{"href":"https:\/\/asialink.es\/index.php?rest_route=\/wp\/v2\/pages\/14024"}],"collection":[{"href":"https:\/\/asialink.es\/index.php?rest_route=\/wp\/v2\/pages"}],"about":[{"href":"https:\/\/asialink.es\/index.php?rest_route=\/wp\/v2\/types\/page"}],"author":[{"embeddable":true,"href":"https:\/\/asialink.es\/index.php?rest_route=\/wp\/v2\/users\/1"}],"replies":[{"embeddable":true,"href":"https:\/\/asialink.es\/index.php?rest_route=%2Fwp%2Fv2%2Fcomments&post=14024"}],"version-history":[{"count":1,"href":"https:\/\/asialink.es\/index.php?rest_route=\/wp\/v2\/pages\/14024\/revisions"}],"predecessor-version":[{"id":54788,"href":"https:\/\/asialink.es\/index.php?rest_route=\/wp\/v2\/pages\/14024\/revisions\/54788"}],"wp:attachment":[{"href":"https:\/\/asialink.es\/index.php?rest_route=%2Fwp%2Fv2%2Fmedia&parent=14024"}],"curies":[{"name":"wp","href":"https:\/\/api.w.org\/{rel}","templated":true}]}}