{"id":39242,"date":"2021-06-15T12:38:19","date_gmt":"2021-06-15T10:38:19","guid":{"rendered":"https:\/\/asialink.es\/register\/"},"modified":"2022-11-04T09:53:50","modified_gmt":"2022-11-04T08:53:50","slug":"acceder","status":"publish","type":"page","link":"https:\/\/asialink.es\/?page_id=39242","title":{"rendered":"Iniciar sesi\u00f3n"},"content":{"rendered":"\t\t<div data-elementor-type=\"wp-page\" data-elementor-id=\"39242\" class=\"elementor elementor-39242\">\n\t\t\t\t\t\t<div class=\"elementor-inner\">\n\t\t\t\t<div class=\"elementor-section-wrap\">\n\t\t\t\t\t\t\t\t\t<section class=\"elementor-section elementor-top-section elementor-element elementor-element-0096052 elementor-section-boxed elementor-section-height-default elementor-section-height-default\" data-id=\"0096052\" data-element_type=\"section\">\n\t\t\t\t\t\t<div class=\"elementor-container elementor-column-gap-default\">\n\t\t\t\t\t\t\t<div class=\"elementor-row\">\n\t\t\t\t\t<div class=\"elementor-column elementor-col-100 elementor-top-column elementor-element elementor-element-4b2155d\" data-id=\"4b2155d\" data-element_type=\"column\">\n\t\t\t<div class=\"elementor-column-wrap elementor-element-populated\">\n\t\t\t\t\t\t\t<div class=\"elementor-widget-wrap\">\n\t\t\t\t\t\t<div class=\"elementor-element elementor-element-4acb9d1 elementor-widget elementor-widget-wp-widget-uwp_login\" data-id=\"4acb9d1\" data-element_type=\"widget\" data-widget_type=\"wp-widget-uwp_login.default\">\n\t\t\t\t<div class=\"elementor-widget-container\">\n\t\t\t<span class='uwp-login-class bsui sdel-422d1d89'><div class=\"uwp_page\"><div class=\"row\">\n\t<div class=\"card mx-auto container-fluid p-0 border-0\" >\n\t\t\t\t\t<div class=\"card-body\">\n\t\t\t\t<h3 class=\"card-title text-center mb-4\">Iniciar sesi\u00f3n<\/h3>\t\t\t\t<form class=\"uwp-login-form uwp_form\" method=\"post\">\n\n\t\t\t\t\t<div data-argument=\"username\" class=\"form-group\"  ><label  for=\"username\"  class=\"sr-only  \" >Username or Email <span class=\"text-danger\">*<\/span><\/label><input type=\"text\"  name=\"username\"  id=\"username\"  placeholder=\"Username or Email *\"  title=\"Username or Email\"  required  class=\"form-control \"  ><\/div><div data-argument=\"password\" class=\"form-group\"  ><label  for=\"password\"  class=\"sr-only  \" >Password <span class=\"text-danger\">*<\/span><\/label><div class=\"input-group\"  ><input type=\"password\"  name=\"password\"  id=\"password\"  placeholder=\"Password *\"  title=\"Password\"  required  class=\"form-control \"  ><div class=\"input-group-append \"><span class=\"input-group-text c-pointer px-3\" \nonclick=\"var $el = jQuery(this).find('i');$el.toggleClass('fa-eye fa-eye-slash');\nvar $eli = jQuery(this).parent().parent().find('input');\nif($el.hasClass('fa-eye'))\n{$eli.attr('type','text');}\nelse{$eli.attr('type','password');}\"\n><i class=\"far fa-fw fa-eye-slash\"><\/i><\/span><\/div><\/div><\/div><input type=\"hidden\" name=\"redirect_to\" value=\"https:\/\/asialink.es\/\"\/><input type=\"hidden\" name=\"uwp_login_nonce\" value=\"760f6a49fb\" \/><div class=\"form-group\">\n            \n                            <div id=\"uwp_captcha_login\" class=\"uwp-captcha-render\"><\/div>\n                <script type=\"text\/javascript\">\n                    try {\n                        var uwp_captcha_login = function() {\n                            if ( ( typeof jQuery != 'undefined' && !jQuery('#uwp_captcha_login').html() ) ) {\n                                grecaptcha.render('uwp_captcha_login', { 'sitekey' : '6LefngojAAAAAJ8f0Fe-ltc02Aa7bxr2xW6XpLSP', 'theme' : 'light', 'size' : 'normal' });\n                            }\n                        }\n                    } catch(err) {\n                        console.log(err);\n                    }\n                <\/script>\n                    <\/div>\n        \n\t\t\t\t\t<div class=\"uwp-remember-me custom-checkbox mb-3\">\n                        <div data-argument=\"remember_me\" class=\"form-group\"  ><div class=\"custom-control custom-checkbox\"  ><input type=\"checkbox\"  name=\"remember_me\"  id=\"remember_me\"  value=\"forever\"  class=\"form-control  custom-control-input \"  ><label  for=\"remember_me\"  class=\" custom-control-label\" >Remember Me<\/label><\/div><\/div>\t\t\t\t\t<\/div>\n\n\t\t\t\t\t<button type=\"submit\"  name=\"uwp_login_submit\"  class=\"btn btn-primary btn-block text-uppercase uwp_login_submit\"  >Login<\/button>\n\n\t\t\t\t<\/form>\n\n                <div class=\"uwp-footer-links\">\n                    <div class=\"uwp-footer-link d-inline-block\">\n\t\t\t\t\t\t<a href=\"https:\/\/asialink.es\/?page_id=53327\" class=\"d-block text-center mt-2 small uwp-register-link\"  rel=\"nofollow\"  >Create account<\/a>\n                    <\/div>\n                    <div class=\"uwp-footer-link float-right\">\n\t\t\t\t\t\t<a href=\"https:\/\/asialink.es\/?page_id=39245\" class=\"d-block text-center mt-2 small uwp-forgot-password-link\"  rel=\"nofollow\"  >Forgot password?<\/a>\n                    <\/div>\n                <\/div>\n\n                <div class=\"form-group text-center mb-0 p-0\">\n\t\t\t\t\t                <\/div>\n\n\t\t\t<\/div>\n\t<\/div>\n<\/div>\n<\/div><\/span>\t\t<\/div>\n\t\t\t\t<\/div>\n\t\t\t\t\t\t<\/div>\n\t\t\t\t\t<\/div>\n\t\t<\/div>\n\t\t\t\t\t\t\t\t<\/div>\n\t\t\t\t\t<\/div>\n\t\t<\/section>\n\t\t\t\t\t\t\t\t\t<\/div>\n\t\t\t<\/div>\n\t\t\t\t\t<\/div>\n\t\t","protected":false},"excerpt":{"rendered":"","protected":false},"author":1,"featured_media":0,"parent":0,"menu_order":0,"comment_status":"closed","ping_status":"closed","template":"","meta":{"loftloader_page_shortcode":"","site-sidebar-layout":"no-sidebar","site-content-layout":"page-builder","ast-global-header-display":"","ast-main-header-display":"","ast-hfb-above-header-display":"","ast-hfb-below-header-display":"","ast-hfb-mobile-header-display":"","site-post-title":"disabled","ast-breadcrumbs-content":"","ast-featured-img":"disabled","footer-sml-layout":"","theme-transparent-header-meta":"default","adv-header-id-meta":"","stick-header-meta":"","header-above-stick-meta":"","header-main-stick-meta":"","header-below-stick-meta":"","_joinchat":[],"footnotes":""},"yoast_head":"<!-- This site is optimized with the Yoast SEO Premium plugin v15.3 - https:\/\/yoast.com\/wordpress\/plugins\/seo\/ -->\n<title>Asialink: Regalos publicitarios y art\u00edculos promocionales - Iniciar sesi\u00f3n<\/title>\n<meta name=\"description\" content=\"AsiaLink es una empresa dirigida por profesionales en importaci\u00f3n de regalos publicitarios con una gran experiencia. Nuestro canal de venta est\u00e1 dirigido exclusivamente a profesionales y distribuidores de promociones publicitarias, empresas de impresi\u00f3n o marcaje y agencias de publicidad.\u200b Somos tu primera opci\u00f3n en Regalo publicitario y Art\u00edculo Promocional.\" \/>\n<meta name=\"robots\" content=\"noindex, nofollow\" \/>\n<meta property=\"og:locale\" content=\"es_ES\" \/>\n<meta property=\"og:type\" content=\"article\" \/>\n<meta property=\"og:title\" content=\"Asialink: Regalos publicitarios y art\u00edculos promocionales - Iniciar sesi\u00f3n\" \/>\n<meta property=\"og:description\" content=\"AsiaLink es una empresa dirigida por profesionales en importaci\u00f3n de regalos publicitarios con una gran experiencia. Nuestro canal de venta est\u00e1 dirigido exclusivamente a profesionales y distribuidores de promociones publicitarias, empresas de impresi\u00f3n o marcaje y agencias de publicidad.\u200b Somos tu primera opci\u00f3n en Regalo publicitario y Art\u00edculo Promocional.\" \/>\n<meta property=\"og:url\" content=\"https:\/\/asialink.es\/?page_id=39242\" \/>\n<meta property=\"og:site_name\" content=\"Asialink\" \/>\n<meta property=\"article:modified_time\" content=\"2022-11-04T08:53:50+00:00\" \/>\n<meta name=\"twitter:card\" content=\"summary_large_image\" \/>\n<meta name=\"twitter:label1\" content=\"Escrito por\">\n\t<meta name=\"twitter:data1\" content=\"raul cebrian moreno\">\n<script type=\"application\/ld+json\" class=\"yoast-schema-graph\">{\"@context\":\"https:\/\/schema.org\",\"@graph\":[{\"@type\":\"WebSite\",\"@id\":\"https:\/\/asialink.es\/#website\",\"url\":\"https:\/\/asialink.es\/\",\"name\":\"Asialink\",\"description\":\"Regalos de empresa y art\\u00edculos publicitarios\",\"potentialAction\":[{\"@type\":\"SearchAction\",\"target\":\"https:\/\/asialink.es\/?s={search_term_string}\",\"query-input\":\"required name=search_term_string\"}],\"inLanguage\":\"es\"},{\"@type\":\"WebPage\",\"@id\":\"https:\/\/asialink.es\/?page_id=39242#webpage\",\"url\":\"https:\/\/asialink.es\/?page_id=39242\",\"name\":\"Asialink: Regalos publicitarios y art\\u00edculos promocionales - Iniciar sesi\\u00f3n\",\"isPartOf\":{\"@id\":\"https:\/\/asialink.es\/#website\"},\"datePublished\":\"2021-06-15T10:38:19+00:00\",\"dateModified\":\"2022-11-04T08:53:50+00:00\",\"description\":\"AsiaLink es una empresa dirigida por profesionales en importaci\\u00f3n de regalos publicitarios con una gran experiencia. Nuestro canal de venta est\\u00e1 dirigido exclusivamente a profesionales y distribuidores de promociones publicitarias, empresas de impresi\\u00f3n o marcaje y agencias de publicidad.\\u200b Somos tu primera opci\\u00f3n en Regalo publicitario y Art\\u00edculo Promocional.\",\"inLanguage\":\"es\",\"potentialAction\":[{\"@type\":\"ReadAction\",\"target\":[\"https:\/\/asialink.es\/?page_id=39242\"]}]}]}<\/script>\n<!-- \/ Yoast SEO Premium plugin. -->","_links":{"self":[{"href":"https:\/\/asialink.es\/index.php?rest_route=\/wp\/v2\/pages\/39242"}],"collection":[{"href":"https:\/\/asialink.es\/index.php?rest_route=\/wp\/v2\/pages"}],"about":[{"href":"https:\/\/asialink.es\/index.php?rest_route=\/wp\/v2\/types\/page"}],"author":[{"embeddable":true,"href":"https:\/\/asialink.es\/index.php?rest_route=\/wp\/v2\/users\/1"}],"replies":[{"embeddable":true,"href":"https:\/\/asialink.es\/index.php?rest_route=%2Fwp%2Fv2%2Fcomments&post=39242"}],"version-history":[{"count":0,"href":"https:\/\/asialink.es\/index.php?rest_route=\/wp\/v2\/pages\/39242\/revisions"}],"wp:attachment":[{"href":"https:\/\/asialink.es\/index.php?rest_route=%2Fwp%2Fv2%2Fmedia&parent=39242"}],"curies":[{"name":"wp","href":"https:\/\/api.w.org\/{rel}","templated":true}]}}