{"id":876,"date":"2020-10-06T11:07:22","date_gmt":"2020-10-06T09:07:22","guid":{"rendered":"https:\/\/new.asialinkstore.com\/?page_id=876"},"modified":"2024-04-17T08:32:59","modified_gmt":"2024-04-17T06:32:59","slug":"catalogos","status":"publish","type":"page","link":"https:\/\/asialink.es\/?page_id=876","title":{"rendered":"Cat\u00e1logos"},"content":{"rendered":"\t\t<div data-elementor-type=\"wp-page\" data-elementor-id=\"876\" class=\"elementor elementor-876\">\n\t\t\t\t\t\t<div class=\"elementor-inner\">\n\t\t\t\t<div class=\"elementor-section-wrap\">\n\t\t\t\t\t\t\t\t\t<section class=\"elementor-section elementor-top-section elementor-element elementor-element-b366bad elementor-section-boxed elementor-section-height-default elementor-section-height-default\" data-id=\"b366bad\" data-element_type=\"section\">\n\t\t\t\t\t\t<div class=\"elementor-container elementor-column-gap-default\">\n\t\t\t\t\t\t\t<div class=\"elementor-row\">\n\t\t\t\t\t<div class=\"elementor-column elementor-col-100 elementor-top-column elementor-element elementor-element-a40c4de\" data-id=\"a40c4de\" data-element_type=\"column\">\n\t\t\t<div class=\"elementor-column-wrap elementor-element-populated\">\n\t\t\t\t\t\t\t<div class=\"elementor-widget-wrap\">\n\t\t\t\t\t\t<div class=\"elementor-element elementor-element-66e5fbe elementor-widget elementor-widget-spacer\" data-id=\"66e5fbe\" data-element_type=\"widget\" data-widget_type=\"spacer.default\">\n\t\t\t\t<div class=\"elementor-widget-container\">\n\t\t\t\t\t<div class=\"elementor-spacer\">\n\t\t\t<div class=\"elementor-spacer-inner\"><\/div>\n\t\t<\/div>\n\t\t\t\t<\/div>\n\t\t\t\t<\/div>\n\t\t\t\t\t\t<\/div>\n\t\t\t\t\t<\/div>\n\t\t<\/div>\n\t\t\t\t\t\t\t\t<\/div>\n\t\t\t\t\t<\/div>\n\t\t<\/section>\n\t\t\t\t<section class=\"elementor-section elementor-top-section elementor-element elementor-element-728694f elementor-section-boxed elementor-section-height-default elementor-section-height-default\" data-id=\"728694f\" data-element_type=\"section\" data-settings=\"{&quot;background_background&quot;:&quot;classic&quot;}\">\n\t\t\t\t\t\t<div class=\"elementor-container elementor-column-gap-default\">\n\t\t\t\t\t\t\t<div class=\"elementor-row\">\n\t\t\t\t\t<section class=\"elementor-column elementor-col-100 elementor-top-column elementor-element elementor-element-cc8e8d4\" data-id=\"cc8e8d4\" data-element_type=\"column\">\n\t\t\t<div class=\"elementor-column-wrap elementor-element-populated\">\n\t\t\t\t\t\t\t<div class=\"elementor-widget-wrap\">\n\t\t\t\t\t\t<div class=\"elementor-element elementor-element-de4cb11 elementor-pagination-position-inside elementor-widget__width-initial elementor-arrows-position-inside elementor-widget elementor-widget-image-carousel\" data-id=\"de4cb11\" data-element_type=\"widget\" data-settings=\"{&quot;slides_to_show&quot;:&quot;1&quot;,&quot;lazyload&quot;:&quot;yes&quot;,&quot;navigation&quot;:&quot;both&quot;,&quot;autoplay&quot;:&quot;yes&quot;,&quot;pause_on_hover&quot;:&quot;yes&quot;,&quot;pause_on_interaction&quot;:&quot;yes&quot;,&quot;autoplay_speed&quot;:5000,&quot;infinite&quot;:&quot;yes&quot;,&quot;effect&quot;:&quot;slide&quot;,&quot;speed&quot;:500}\" data-widget_type=\"image-carousel.default\">\n\t\t\t\t<div class=\"elementor-widget-container\">\n\t\t\t\t\t<div class=\"elementor-image-carousel-wrapper swiper-container\" dir=\"ltr\">\n\t\t\t<div class=\"elementor-image-carousel swiper-wrapper swiper-image-stretch\">\n\t\t\t\t\t\t\t\t<div class=\"swiper-slide\"><a data-elementor-open-lightbox=\"yes\" data-elementor-lightbox-slideshow=\"de4cb11\" data-elementor-lightbox-title=\"catalogoGeneral\" e-action-hash=\"#elementor-action%3Aaction%3Dlightbox%26settings%3DeyJpZCI6NzExMTksInVybCI6Imh0dHBzOlwvXC9hc2lhbGluay5lc1wvd3AtY29udGVudFwvdXBsb2Fkc1wvMjAyNFwvMDJcL2NhdGFsb2dvR2VuZXJhbC1lMTcwNzgzOTYyMjM5Ni5wbmciLCJzbGlkZXNob3ciOiJkZTRjYjExIn0%3D\" href=\"https:\/\/catalog.publicatalogue.com\/NAC308434\" target=\"_blank\" rel=\"nofollow\"><figure class=\"swiper-slide-inner\"><img class=\"swiper-slide-image swiper-lazy\" data-src=\"https:\/\/asialink.es\/wp-content\/uploads\/2024\/02\/catalogoGeneral-e1707839622396.png\" alt=\"catalogoGeneral\" \/><div class=\"swiper-lazy-preloader\"><\/div><\/figure><\/a><\/div><div class=\"swiper-slide\"><a data-elementor-open-lightbox=\"yes\" data-elementor-lightbox-slideshow=\"de4cb11\" data-elementor-lightbox-title=\"catalogoSostenible\" e-action-hash=\"#elementor-action%3Aaction%3Dlightbox%26settings%3DeyJpZCI6NzExMzAsInVybCI6Imh0dHBzOlwvXC9hc2lhbGluay5lc1wvd3AtY29udGVudFwvdXBsb2Fkc1wvMjAyNFwvMDJcL2NhdGFsb2dvU29zdGVuaWJsZS5wbmciLCJzbGlkZXNob3ciOiJkZTRjYjExIn0%3D\" href=\"https:\/\/catalog.publicatalogue.com\/NAC308434\" target=\"_blank\" rel=\"nofollow\"><figure class=\"swiper-slide-inner\"><img class=\"swiper-slide-image swiper-lazy\" data-src=\"https:\/\/asialink.es\/wp-content\/uploads\/2024\/02\/catalogoSostenible.png\" alt=\"catalogoSostenible\" \/><div class=\"swiper-lazy-preloader\"><\/div><\/figure><\/a><\/div><div class=\"swiper-slide\"><a data-elementor-open-lightbox=\"yes\" data-elementor-lightbox-slideshow=\"de4cb11\" data-elementor-lightbox-title=\"catalogoElectronica\" e-action-hash=\"#elementor-action%3Aaction%3Dlightbox%26settings%3DeyJpZCI6NzExMzYsInVybCI6Imh0dHBzOlwvXC9hc2lhbGluay5lc1wvd3AtY29udGVudFwvdXBsb2Fkc1wvMjAyNFwvMDJcL2NhdGFsb2dvRWxlY3Ryb25pY2EtZTE3MDc4MzkzNTQxMzkucG5nIiwic2xpZGVzaG93IjoiZGU0Y2IxMSJ9\" href=\"https:\/\/catalog.publicatalogue.com\/NAC308434\" target=\"_blank\" rel=\"nofollow\"><figure class=\"swiper-slide-inner\"><img class=\"swiper-slide-image swiper-lazy\" data-src=\"https:\/\/asialink.es\/wp-content\/uploads\/2024\/02\/catalogoElectronica-e1707839354139.png\" alt=\"catalogoElectronica\" \/><div class=\"swiper-lazy-preloader\"><\/div><\/figure><\/a><\/div><div class=\"swiper-slide\"><a data-elementor-open-lightbox=\"yes\" data-elementor-lightbox-slideshow=\"de4cb11\" data-elementor-lightbox-title=\"catalogoCaseLogic\" e-action-hash=\"#elementor-action%3Aaction%3Dlightbox%26settings%3DeyJpZCI6NzExNjMsInVybCI6Imh0dHBzOlwvXC9hc2lhbGluay5lc1wvd3AtY29udGVudFwvdXBsb2Fkc1wvMjAyNFwvMDJcL2NhdGFsb2dvQ2FzZUxvZ2ljLWUxNzA3ODQwNjMzNTQ3LnBuZyIsInNsaWRlc2hvdyI6ImRlNGNiMTEifQ%3D%3D\" href=\"https:\/\/catalog.publicatalogue.com\/NAC308434\" target=\"_blank\" rel=\"nofollow\"><figure class=\"swiper-slide-inner\"><img class=\"swiper-slide-image swiper-lazy\" data-src=\"https:\/\/asialink.es\/wp-content\/uploads\/2024\/02\/catalogoCaseLogic-e1707840633547.png\" alt=\"catalogoCaseLogic\" \/><div class=\"swiper-lazy-preloader\"><\/div><\/figure><\/a><\/div>\t\t\t<\/div>\n\t\t\t\t\t\t\t\t\t\t\t\t<div class=\"swiper-pagination\"><\/div>\n\t\t\t\t\t\t\t\t\t\t\t\t\t<div class=\"elementor-swiper-button elementor-swiper-button-prev\">\n\t\t\t\t\t\t<i aria-hidden=\"true\" class=\"eicon-chevron-left\"><\/i>\t\t\t\t\t\t<span class=\"elementor-screen-only\">Anterior<\/span>\n\t\t\t\t\t<\/div>\n\t\t\t\t\t<div class=\"elementor-swiper-button elementor-swiper-button-next\">\n\t\t\t\t\t\t<i aria-hidden=\"true\" class=\"eicon-chevron-right\"><\/i>\t\t\t\t\t\t<span class=\"elementor-screen-only\">Siguiente<\/span>\n\t\t\t\t\t<\/div>\n\t\t\t\t\t\t\t\t\t<\/div>\n\t\t\t\t<\/div>\n\t\t\t\t<\/div>\n\t\t\t\t<div class=\"elementor-element elementor-element-efe6683 elementor-widget elementor-widget-spacer\" data-id=\"efe6683\" data-element_type=\"widget\" data-widget_type=\"spacer.default\">\n\t\t\t\t<div class=\"elementor-widget-container\">\n\t\t\t\t\t<div class=\"elementor-spacer\">\n\t\t\t<div class=\"elementor-spacer-inner\"><\/div>\n\t\t<\/div>\n\t\t\t\t<\/div>\n\t\t\t\t<\/div>\n\t\t\t\t\t\t<\/div>\n\t\t\t\t\t<\/div>\n\t\t<\/section>\n\t\t\t\t\t\t\t\t<\/div>\n\t\t\t\t\t<\/div>\n\t\t<\/section>\n\t\t\t\t<section class=\"elementor-section elementor-top-section elementor-element elementor-element-fd05c2c elementor-section-boxed elementor-section-height-default elementor-section-height-default\" data-id=\"fd05c2c\" data-element_type=\"section\" data-settings=\"{&quot;background_background&quot;:&quot;classic&quot;}\">\n\t\t\t\t\t\t<div class=\"elementor-container elementor-column-gap-default\">\n\t\t\t\t\t\t\t<div class=\"elementor-row\">\n\t\t\t\t\t<div class=\"elementor-column elementor-col-100 elementor-top-column elementor-element elementor-element-afa00ef\" data-id=\"afa00ef\" data-element_type=\"column\" data-settings=\"{&quot;background_background&quot;:&quot;slideshow&quot;,&quot;background_slideshow_gallery&quot;:[],&quot;background_slideshow_loop&quot;:&quot;yes&quot;,&quot;background_slideshow_slide_duration&quot;:5000,&quot;background_slideshow_slide_transition&quot;:&quot;fade&quot;,&quot;background_slideshow_transition_duration&quot;:500}\">\n\t\t\t<div class=\"elementor-column-wrap elementor-element-populated\">\n\t\t\t\t\t\t\t<div class=\"elementor-widget-wrap\">\n\t\t\t\t\t\t\t\t<\/div>\n\t\t\t\t\t<\/div>\n\t\t<\/div>\n\t\t\t\t\t\t\t\t<\/div>\n\t\t\t\t\t<\/div>\n\t\t<\/section>\n\t\t\t\t<section class=\"elementor-section elementor-top-section elementor-element elementor-element-06b1dd7 elementor-section-boxed elementor-section-height-default elementor-section-height-default\" data-id=\"06b1dd7\" data-element_type=\"section\" data-settings=\"{&quot;background_background&quot;:&quot;classic&quot;}\">\n\t\t\t\t\t\t<div class=\"elementor-container elementor-column-gap-default\">\n\t\t\t\t\t\t\t<div class=\"elementor-row\">\n\t\t\t\t\t<div class=\"elementor-column elementor-col-50 elementor-top-column elementor-element elementor-element-f798d70\" data-id=\"f798d70\" data-element_type=\"column\">\n\t\t\t<div class=\"elementor-column-wrap elementor-element-populated\">\n\t\t\t\t\t\t\t<div class=\"elementor-widget-wrap\">\n\t\t\t\t\t\t<div class=\"elementor-element elementor-element-0b33fa5 elementor-widget elementor-widget-image\" data-id=\"0b33fa5\" data-element_type=\"widget\" data-widget_type=\"image.default\">\n\t\t\t\t<div class=\"elementor-widget-container\">\n\t\t\t\t\t\t\t\t<div class=\"elementor-image\">\n\t\t\t\t\t\t\t\t\t\t\t\t\t<a href=\"https:\/\/catalog.publicatalogue.com\/NAC308434\" target=\"_blank\">\n\t\t\t\t\t\t\t<img loading=\"lazy\" decoding=\"async\" width=\"1024\" height=\"551\" src=\"https:\/\/asialink.es\/wp-content\/uploads\/2024\/02\/catalogoGeneral-e1707839622396-1024x551.png\" class=\"attachment-large size-large wp-image-71119\" alt=\"\" srcset=\"https:\/\/asialink.es\/wp-content\/uploads\/2024\/02\/catalogoGeneral-e1707839622396-1024x551.png 1024w, https:\/\/asialink.es\/wp-content\/uploads\/2024\/02\/catalogoGeneral-e1707839622396-300x161.png 300w, https:\/\/asialink.es\/wp-content\/uploads\/2024\/02\/catalogoGeneral-e1707839622396-768x413.png 768w, https:\/\/asialink.es\/wp-content\/uploads\/2024\/02\/catalogoGeneral-e1707839622396-600x323.png 600w, https:\/\/asialink.es\/wp-content\/uploads\/2024\/02\/catalogoGeneral-e1707839622396-64x34.png 64w, https:\/\/asialink.es\/wp-content\/uploads\/2024\/02\/catalogoGeneral-e1707839622396.png 1180w\" sizes=\"(max-width: 1024px) 100vw, 1024px\" \/>\t\t\t\t\t\t\t\t<\/a>\n\t\t\t\t\t\t\t\t\t\t\t\t\t\t<\/div>\n\t\t\t\t\t\t<\/div>\n\t\t\t\t<\/div>\n\t\t\t\t\t\t<\/div>\n\t\t\t\t\t<\/div>\n\t\t<\/div>\n\t\t\t\t<div class=\"elementor-column elementor-col-50 elementor-top-column elementor-element elementor-element-46fb3f9\" data-id=\"46fb3f9\" data-element_type=\"column\">\n\t\t\t<div class=\"elementor-column-wrap elementor-element-populated\">\n\t\t\t\t\t\t\t<div class=\"elementor-widget-wrap\">\n\t\t\t\t\t\t<div class=\"elementor-element elementor-element-b951d9d elementor-widget elementor-widget-image\" data-id=\"b951d9d\" data-element_type=\"widget\" data-widget_type=\"image.default\">\n\t\t\t\t<div class=\"elementor-widget-container\">\n\t\t\t\t\t\t\t\t<div class=\"elementor-image\">\n\t\t\t\t\t\t\t\t\t\t\t\t\t<a href=\"https:\/\/online.fliphtml5.com\/lhdsd\/roaw\/\" target=\"_blank\">\n\t\t\t\t\t\t\t<img loading=\"lazy\" decoding=\"async\" width=\"1024\" height=\"551\" src=\"https:\/\/asialink.es\/wp-content\/uploads\/2024\/02\/catalogoSostenible-1024x551.png\" class=\"attachment-large size-large wp-image-71130\" alt=\"\" srcset=\"https:\/\/asialink.es\/wp-content\/uploads\/2024\/02\/catalogoSostenible-1024x551.png 1024w, https:\/\/asialink.es\/wp-content\/uploads\/2024\/02\/catalogoSostenible-300x161.png 300w, https:\/\/asialink.es\/wp-content\/uploads\/2024\/02\/catalogoSostenible-768x413.png 768w, https:\/\/asialink.es\/wp-content\/uploads\/2024\/02\/catalogoSostenible-600x323.png 600w, https:\/\/asialink.es\/wp-content\/uploads\/2024\/02\/catalogoSostenible-64x34.png 64w, https:\/\/asialink.es\/wp-content\/uploads\/2024\/02\/catalogoSostenible.png 1151w\" sizes=\"(max-width: 1024px) 100vw, 1024px\" \/>\t\t\t\t\t\t\t\t<\/a>\n\t\t\t\t\t\t\t\t\t\t\t\t\t\t<\/div>\n\t\t\t\t\t\t<\/div>\n\t\t\t\t<\/div>\n\t\t\t\t\t\t<\/div>\n\t\t\t\t\t<\/div>\n\t\t<\/div>\n\t\t\t\t\t\t\t\t<\/div>\n\t\t\t\t\t<\/div>\n\t\t<\/section>\n\t\t\t\t<section class=\"elementor-section elementor-top-section elementor-element elementor-element-13dedb2 elementor-section-boxed elementor-section-height-default elementor-section-height-default\" data-id=\"13dedb2\" data-element_type=\"section\" data-settings=\"{&quot;background_background&quot;:&quot;classic&quot;}\">\n\t\t\t\t\t\t<div class=\"elementor-container elementor-column-gap-default\">\n\t\t\t\t\t\t\t<div class=\"elementor-row\">\n\t\t\t\t\t<div class=\"elementor-column elementor-col-50 elementor-top-column elementor-element elementor-element-7754e62\" data-id=\"7754e62\" data-element_type=\"column\">\n\t\t\t<div class=\"elementor-column-wrap elementor-element-populated\">\n\t\t\t\t\t\t\t<div class=\"elementor-widget-wrap\">\n\t\t\t\t\t\t<div class=\"elementor-element elementor-element-c4e65b4 elementor-widget elementor-widget-image\" data-id=\"c4e65b4\" data-element_type=\"widget\" data-widget_type=\"image.default\">\n\t\t\t\t<div class=\"elementor-widget-container\">\n\t\t\t\t\t\t\t\t<div class=\"elementor-image\">\n\t\t\t\t\t\t\t\t\t\t\t\t\t<a href=\"https:\/\/online.fliphtml5.com\/lhdsd\/qxny\/\" target=\"_blank\">\n\t\t\t\t\t\t\t<img loading=\"lazy\" decoding=\"async\" width=\"1024\" height=\"551\" src=\"https:\/\/asialink.es\/wp-content\/uploads\/2024\/02\/catalogoElectronica-e1707839354139-1024x551.png\" class=\"attachment-large size-large wp-image-71136\" alt=\"\" srcset=\"https:\/\/asialink.es\/wp-content\/uploads\/2024\/02\/catalogoElectronica-e1707839354139-1024x551.png 1024w, https:\/\/asialink.es\/wp-content\/uploads\/2024\/02\/catalogoElectronica-e1707839354139-300x161.png 300w, https:\/\/asialink.es\/wp-content\/uploads\/2024\/02\/catalogoElectronica-e1707839354139-768x413.png 768w, https:\/\/asialink.es\/wp-content\/uploads\/2024\/02\/catalogoElectronica-e1707839354139-600x323.png 600w, https:\/\/asialink.es\/wp-content\/uploads\/2024\/02\/catalogoElectronica-e1707839354139-64x34.png 64w, https:\/\/asialink.es\/wp-content\/uploads\/2024\/02\/catalogoElectronica-e1707839354139.png 1168w\" sizes=\"(max-width: 1024px) 100vw, 1024px\" \/>\t\t\t\t\t\t\t\t<\/a>\n\t\t\t\t\t\t\t\t\t\t\t\t\t\t<\/div>\n\t\t\t\t\t\t<\/div>\n\t\t\t\t<\/div>\n\t\t\t\t\t\t<\/div>\n\t\t\t\t\t<\/div>\n\t\t<\/div>\n\t\t\t\t<div class=\"elementor-column elementor-col-50 elementor-top-column elementor-element elementor-element-954f2e4\" data-id=\"954f2e4\" data-element_type=\"column\">\n\t\t\t<div class=\"elementor-column-wrap elementor-element-populated\">\n\t\t\t\t\t\t\t<div class=\"elementor-widget-wrap\">\n\t\t\t\t\t\t<div class=\"elementor-element elementor-element-9851bb4 elementor-widget elementor-widget-image\" data-id=\"9851bb4\" data-element_type=\"widget\" data-widget_type=\"image.default\">\n\t\t\t\t<div class=\"elementor-widget-container\">\n\t\t\t\t\t\t\t\t<div class=\"elementor-image\">\n\t\t\t\t\t\t\t\t\t\t\t\t\t<a href=\"https:\/\/online.fliphtml5.com\/lhdsd\/emfw\/\" target=\"_blank\">\n\t\t\t\t\t\t\t<img loading=\"lazy\" decoding=\"async\" width=\"989\" height=\"530\" src=\"https:\/\/asialink.es\/wp-content\/uploads\/2024\/02\/catalogoCaseLogic-e1707840633547.png\" class=\"attachment-large size-large wp-image-71163\" alt=\"\" srcset=\"https:\/\/asialink.es\/wp-content\/uploads\/2024\/02\/catalogoCaseLogic-e1707840633547.png 989w, https:\/\/asialink.es\/wp-content\/uploads\/2024\/02\/catalogoCaseLogic-e1707840633547-300x161.png 300w, https:\/\/asialink.es\/wp-content\/uploads\/2024\/02\/catalogoCaseLogic-e1707840633547-768x412.png 768w, https:\/\/asialink.es\/wp-content\/uploads\/2024\/02\/catalogoCaseLogic-e1707840633547-600x322.png 600w, https:\/\/asialink.es\/wp-content\/uploads\/2024\/02\/catalogoCaseLogic-e1707840633547-64x34.png 64w\" sizes=\"(max-width: 989px) 100vw, 989px\" \/>\t\t\t\t\t\t\t\t<\/a>\n\t\t\t\t\t\t\t\t\t\t\t\t\t\t<\/div>\n\t\t\t\t\t\t<\/div>\n\t\t\t\t<\/div>\n\t\t\t\t\t\t<\/div>\n\t\t\t\t\t<\/div>\n\t\t<\/div>\n\t\t\t\t\t\t\t\t<\/div>\n\t\t\t\t\t<\/div>\n\t\t<\/section>\n\t\t\t\t<section class=\"elementor-section elementor-top-section elementor-element elementor-element-91f9d95 elementor-section-full_width elementor-section-height-default elementor-section-height-default\" data-id=\"91f9d95\" data-element_type=\"section\">\n\t\t\t\t\t\t<div class=\"elementor-container elementor-column-gap-default\">\n\t\t\t\t\t\t\t<div class=\"elementor-row\">\n\t\t\t\t\t<div class=\"elementor-column elementor-col-100 elementor-top-column elementor-element elementor-element-a5cadcb\" data-id=\"a5cadcb\" data-element_type=\"column\">\n\t\t\t<div class=\"elementor-column-wrap\">\n\t\t\t\t\t\t\t<div class=\"elementor-widget-wrap\">\n\t\t\t\t\t\t\t\t<\/div>\n\t\t\t\t\t<\/div>\n\t\t<\/div>\n\t\t\t\t\t\t\t\t<\/div>\n\t\t\t\t\t<\/div>\n\t\t<\/section>\n\t\t\t\t\t\t\t\t\t<\/div>\n\t\t\t<\/div>\n\t\t\t\t\t<\/div>\n\t\t","protected":false},"excerpt":{"rendered":"<p>Anterior Siguiente<\/p>\n","protected":false},"author":1,"featured_media":0,"parent":0,"menu_order":0,"comment_status":"closed","ping_status":"closed","template":"elementor_canvas","meta":{"loftloader_page_shortcode":"","site-sidebar-layout":"no-sidebar","site-content-layout":"page-builder","ast-global-header-display":"","ast-main-header-display":"","ast-hfb-above-header-display":"","ast-hfb-below-header-display":"","ast-hfb-mobile-header-display":"","site-post-title":"disabled","ast-breadcrumbs-content":"","ast-featured-img":"disabled","footer-sml-layout":"","theme-transparent-header-meta":"default","adv-header-id-meta":"","stick-header-meta":"","header-above-stick-meta":"","header-main-stick-meta":"","header-below-stick-meta":"","_joinchat":[],"footnotes":""},"yoast_head":"<!-- This site is optimized with the Yoast SEO Premium plugin v15.3 - https:\/\/yoast.com\/wordpress\/plugins\/seo\/ -->\n<title>Asialink - Cat\u00e1logos<\/title>\n<meta name=\"description\" content=\"M\u00e1s de 5 mil productos para regalos publicitarios y art\u00edculos promocionales est\u00e1n en nuestro apartado de cat\u00e1logos.\" \/>\n<meta name=\"robots\" content=\"index, follow, max-snippet:-1, max-image-preview:large, max-video-preview:-1\" \/>\n<link rel=\"canonical\" href=\"https:\/\/asialink.es\/?page_id=876\" \/>\n<meta property=\"og:locale\" content=\"es_ES\" \/>\n<meta property=\"og:type\" content=\"article\" \/>\n<meta property=\"og:title\" content=\"Asialink - Cat\u00e1logos\" \/>\n<meta property=\"og:description\" content=\"M\u00e1s de 5 mil productos para regalos publicitarios y art\u00edculos promocionales est\u00e1n en nuestro apartado de cat\u00e1logos.\" \/>\n<meta property=\"og:url\" content=\"https:\/\/asialink.es\/?page_id=876\" \/>\n<meta property=\"og:site_name\" content=\"Asialink\" \/>\n<meta property=\"article:modified_time\" content=\"2024-04-17T06:32:59+00:00\" \/>\n<meta property=\"og:image\" content=\"https:\/\/asialink.es\/wp-content\/uploads\/2024\/02\/catalogoGeneral-e1707839622396.png\" \/>\n<meta name=\"twitter:card\" content=\"summary_large_image\" \/>\n<meta name=\"twitter:label1\" content=\"Escrito por\">\n\t<meta name=\"twitter:data1\" content=\"raul cebrian moreno\">\n\t<meta name=\"twitter:label2\" content=\"Tiempo de lectura\">\n\t<meta name=\"twitter:data2\" content=\"0 minutos\">\n<script type=\"application\/ld+json\" class=\"yoast-schema-graph\">{\"@context\":\"https:\/\/schema.org\",\"@graph\":[{\"@type\":\"WebSite\",\"@id\":\"https:\/\/asialink.es\/#website\",\"url\":\"https:\/\/asialink.es\/\",\"name\":\"Asialink\",\"description\":\"Regalos de empresa y art\\u00edculos publicitarios\",\"potentialAction\":[{\"@type\":\"SearchAction\",\"target\":\"https:\/\/asialink.es\/?s={search_term_string}\",\"query-input\":\"required name=search_term_string\"}],\"inLanguage\":\"es\"},{\"@type\":\"ImageObject\",\"@id\":\"https:\/\/asialink.es\/?page_id=876#primaryimage\",\"inLanguage\":\"es\",\"url\":\"https:\/\/asialink.es\/wp-content\/uploads\/2024\/02\/catalogoGeneral-e1707839622396.png\",\"width\":1180,\"height\":635},{\"@type\":\"WebPage\",\"@id\":\"https:\/\/asialink.es\/?page_id=876#webpage\",\"url\":\"https:\/\/asialink.es\/?page_id=876\",\"name\":\"Asialink - Cat\\u00e1logos\",\"isPartOf\":{\"@id\":\"https:\/\/asialink.es\/#website\"},\"primaryImageOfPage\":{\"@id\":\"https:\/\/asialink.es\/?page_id=876#primaryimage\"},\"datePublished\":\"2020-10-06T09:07:22+00:00\",\"dateModified\":\"2024-04-17T06:32:59+00:00\",\"description\":\"M\\u00e1s de 5 mil productos para regalos publicitarios y art\\u00edculos promocionales est\\u00e1n en nuestro apartado de cat\\u00e1logos.\",\"inLanguage\":\"es\",\"potentialAction\":[{\"@type\":\"ReadAction\",\"target\":[\"https:\/\/asialink.es\/?page_id=876\"]}]}]}<\/script>\n<!-- \/ Yoast SEO Premium plugin. -->","_links":{"self":[{"href":"https:\/\/asialink.es\/index.php?rest_route=\/wp\/v2\/pages\/876"}],"collection":[{"href":"https:\/\/asialink.es\/index.php?rest_route=\/wp\/v2\/pages"}],"about":[{"href":"https:\/\/asialink.es\/index.php?rest_route=\/wp\/v2\/types\/page"}],"author":[{"embeddable":true,"href":"https:\/\/asialink.es\/index.php?rest_route=\/wp\/v2\/users\/1"}],"replies":[{"embeddable":true,"href":"https:\/\/asialink.es\/index.php?rest_route=%2Fwp%2Fv2%2Fcomments&post=876"}],"version-history":[{"count":190,"href":"https:\/\/asialink.es\/index.php?rest_route=\/wp\/v2\/pages\/876\/revisions"}],"predecessor-version":[{"id":88305,"href":"https:\/\/asialink.es\/index.php?rest_route=\/wp\/v2\/pages\/876\/revisions\/88305"}],"wp:attachment":[{"href":"https:\/\/asialink.es\/index.php?rest_route=%2Fwp%2Fv2%2Fmedia&parent=876"}],"curies":[{"name":"wp","href":"https:\/\/api.w.org\/{rel}","templated":true}]}}